{"id":1220,"date":"2020-08-18T17:03:50","date_gmt":"2020-08-18T15:03:50","guid":{"rendered":"https:\/\/hausstaubmilben.org\/?page_id=1220"},"modified":"2020-08-18T17:03:50","modified_gmt":"2020-08-18T15:03:50","slug":"e-mail-coaching","status":"publish","type":"page","link":"https:\/\/hausstaubmilben.org\/en\/e-mail-coaching\/","title":{"rendered":"E-Mail-Coaching"},"content":{"rendered":"<h1 style=\"text-align: center;\" data-css=\"tve-u-15da27312e5\"><span id=\"Fighting_the_house_dust_allergy8230_the_free_coaching\"><span style=\"font-size: 24px; font-family: 'Open Sans'; font-weight: 400;\" data-css=\"tve-u-16745831810\">\u200b<\/span>Fighting the house dust allergy&#8230; the free coaching<\/span><\/h1>\n<h1 style=\"text-align: center;\" data-css=\"tve-u-15da37dce54\"><span id=\"Jetzt_in_unserem_kostenlosen_E-Mail-Coaching_lernen_wie_du_die_Hausstauballergie_los_wirst\"><span style=\"color: #ffffff;\">Jetzt in unserem kostenlosen E-Mail-Coaching\u200b lernen, wie du die Hausstauballergie los wirst.<\/span><\/span><\/h1>\n<p style=\"text-align: center;\" data-css=\"tve-u-16744d0350f\">\u200b<\/p>\n<p style=\"text-align: center;\">Free of charge and without risk. You can unsubscribe at any time.<\/p>\n<p style=\"text-align: center;\">Scroll down to learn more about coaching!<\/p>\n<p>arrow-down<\/p>\n<p>Enter your text here&#8230;<\/p>\n<h2 style=\"text-align: center;\" data-css=\"tve-u-15dc0ff122f\"><span id=\"Why_this_coaching_is_so_effective\">Why this coaching is so effective.<\/span><\/h2>\n<p><span class=\"tve_image_frame\" style=\"width: 100%;\"><img loading=\"lazy\" class=\"tve_image wp-image-750\" style=\"width: 100%;\" title=\"Cover-Giveaway\" src=\"\/\/hausstaubmilben.org\/wp-content\/uploads\/2018\/11\/Cover-Giveaway.jpg\" alt=\"\" width=\"1580\" height=\"2190\" data-id=\"750\" srcset=\"https:\/\/hausstaubmilben.org\/wp-content\/uploads\/2018\/11\/Cover-Giveaway.jpg 1580w, https:\/\/hausstaubmilben.org\/wp-content\/uploads\/2018\/11\/Cover-Giveaway-216x300.jpg 216w, https:\/\/hausstaubmilben.org\/wp-content\/uploads\/2018\/11\/Cover-Giveaway-768x1065.jpg 768w, https:\/\/hausstaubmilben.org\/wp-content\/uploads\/2018\/11\/Cover-Giveaway-739x1024.jpg 739w, https:\/\/hausstaubmilben.org\/wp-content\/uploads\/2018\/11\/Cover-Giveaway-150x208.jpg 150w, https:\/\/hausstaubmilben.org\/wp-content\/uploads\/2018\/11\/Cover-Giveaway-360x499.jpg 360w, https:\/\/hausstaubmilben.org\/wp-content\/uploads\/2018\/11\/Cover-Giveaway-262x363.jpg 262w, https:\/\/hausstaubmilben.org\/wp-content\/uploads\/2018\/11\/Cover-Giveaway-162x225.jpg 162w, https:\/\/hausstaubmilben.org\/wp-content\/uploads\/2018\/11\/Cover-Giveaway-100x139.jpg 100w\" sizes=\"(max-width: 1580px) 100vw, 1580px\" \/><\/span><\/p>\n<ul class=\"tcb-numbered-list\">\n<li class=\"thrv-styled-list-item\"><span class=\"tcb-numbered-list-index\">1<\/span><span class=\"thrv-advanced-inline-text tve_editable tcb-numbered-list-text tcb-no-delete\" data-css=\"tve-u-16744e3cb53\"><span style=\"font-family: Hind; font-weight: 400;\"><span style=\"font-size: 22px; color: #3aa73a;\"><strong><span style=\"font-family: Hind; font-weight: 400;\"><span style=\"font-size: 22px; color: #3aa73a;\"><strong>\u200bBEGR\u00dcSSUNGSGESCHENK: E-BOOK \u200b&#8221;HAUSSTAUBALLERGIE &#8211; DIE 3 SCHLIMMSTEN FEHLER&#8221;\u200b<\/strong><\/span><\/span><\/strong><\/span><\/span>Damit du siehst, dass unser \u200bCoaching kein Geld kostet und somit f\u00fcr dich ohne Risiko ist, bekommst du von uns bereits zur Begr\u00fc\u00dfung das E-Book &#8220;Hausstauballergie &#8211; die 3 schlimmsten Fehler&#8221; geschenkt.\u200b<\/span><\/li>\n<li class=\"thrv-styled-list-item\"><span class=\"tcb-numbered-list-index\">2<\/span><span class=\"thrv-advanced-inline-text tve_editable tcb-numbered-list-text tcb-no-delete\" data-css=\"tve-u-16744e3cb5c\"><span style=\"font-family: Hind; font-weight: 400;\"><span style=\"font-size: 22px; color: #3aa73a;\"><strong>\u200bERSTKLASSIGE TIPPS PER E-MAIL\u200b &#8211; WISSENSCHAFTLICH AUF DEM NEUESTEN STAND<\/strong><\/span><\/span>Alle Informationen rund um die Hausstauballergie und Hausstaubmilben sind wissenschaftlich auf dem neuesten Stand und zudem getestet und von uns f\u00fcr gut befunden.<\/span><\/li>\n<li class=\"thrv-styled-list-item\"><span class=\"tcb-numbered-list-index\">3<\/span><span class=\"thrv-advanced-inline-text tve_editable tcb-numbered-list-text tcb-no-delete\" data-css=\"tve-u-16744e3cb6d\"><span style=\"font-family: Hind; font-weight: 400;\"><span style=\"font-size: 22px; color: #3aa73a;\"><strong><span style=\"font-family: Hind; font-weight: 400;\"><span style=\"font-size: 22px; color: #3aa73a;\"><strong>\u200bDU BEKOMMST IM LAUFE DES COACHINGS WEITERE \u200bKLEINE GESCHENKE VON UNS. VERSPROCHEN!<\/strong><\/span><\/span><\/strong><\/span><\/span>Damit du \u200bin allen Lebenslagen souver\u00e4n mit deiner Haustauballergie umgehen kannst und sie dich nie wieder plagen wird, bekommst du von uns weitere wertvolle E-Books geschenkt, die es \u200bexklusiv nur bei uns gibt.<\/span><\/li>\n<\/ul>\n<p>arrow-down<\/p>\n<h3 id=\"eintragen\"><span id=\"i\">.<\/span><\/h3>\n<h2 style=\"text-align: center;\" data-css=\"tve-u-15dc10e05b9\"><span id=\"JETZT_MITMACHEN8230_und_endlich_morgens_wiederohne_Beschwerden_aufwachen\">\u200b<strong>JETZT \u200bMITMACHEN!<\/strong><span style=\"font-size: 37px;\" data-css=\"tve-u-16744e752d9\">&#8230;. \u200bund endlich morgens wiederohne Beschwerden aufwachen!<\/span><\/span><\/h2>\n<div class=\"tve-leads-shortcode tve-leads-triggered tve-tl-anim tl-anim-instant tve-leads-track-shortcode_773\"><div class=\"tl-style\" id=\"tve_tcb2_set-020\" data-state=\"4\" data-form-state=\"\"><style type=\"text\/css\" class=\"tve_custom_style\">@import url(\"\/\/fonts.googleapis.com\/css?family=Roboto+Slab:400,700,300&subset=latin\");@media (min-width:300px){[data-css=\"tve-u-75bf99741297e0\"]{margin-top:20px ! important;margin-bottom:20px ! important;}[data-css=\"tve-u-25bf99741296d4\"]{padding-top:0px ! important;padding-bottom:0px ! important;}[data-css=\"tve-u-15bf997412969e\"]{margin-top:0px ! important;margin-bottom:0px ! important;}[data-css=\"tve-u-105bf9974129882\"]{padding:20px ! important;margin-top:30px ! important;margin-bottom:0px ! important;}[data-css=\"tve-u-115bf99741298b8\"]{background-color:rgb(40,131,111) ! important;}[data-css=\"tve-u-05bf9974129665\"]{background-color:rgb(79,173,150) ! important;}[data-css=\"tve-u-55bf9974129775\"]{max-width:75%;}[data-css=\"tve-u-35bf9974129709\"]{max-width:25%;}[data-css=\"tve-u-45bf997412973f\"]{float:none;margin-left:auto;margin-right:auto;width:120px;margin-top:0px ! important;margin-bottom:0px ! important;}[data-css=\"tve-u-95bf997412984c\"]{line-height:27px ! important;}:not(#tve) [data-css=\"tve-u-95bf997412984c\"]{color:rgb(0,0,0) ! important;font-size:16px ! important;font-family:\"Roboto Slab\";font-weight:400;}[data-css=\"tve-u-85bf9974129816\"]{line-height:1.2em ! important;}:not(#tve) [data-css=\"tve-u-85bf9974129816\"]{font-size:28px ! important;color:rgb(16,16,16) ! important;font-family:\"Roboto Slab\";}[data-css=\"tve-u-135bf9974129923\"]{max-width:720px;}[data-css=\"tve-u-225bf9974129b0b\"]{color:rgb(207,120,120) ! important;}:not(#tve) [data-css=\"tve-u-145bf9974129959\"]{font-size:10px ! important;}[data-css=\"tve-u-215bf9974129ad4\"]{color:rgb(231,231,231) ! important;}:not(#tve) [data-css=\"tve-u-235bf9974129b43\"]{color:rgb(207,120,120) ! important;}[data-css=\"tve-u-155bf997412998f\"]{color:rgb(231,231,231) ! important;}[data-css=\"tve-u-185bf9974129a31\"]{color:rgb(207,120,120) ! important;}:not(#tve) [data-css=\"tve-u-245bf9974129b78\"] button{background-image:none ! important;background-color:rgb(18,97,45) ! important;border-color:rgb(112,125,117);}:not(#tve) [data-css=\"tve-u-245bf9974129b78\"]:hover button{border-color:rgb(115,115,115) ! important;}[data-css=\"tve-u-125bf99741298ee\"]{min-height:1px;}}@media (max-width:767px){[data-css=\"tve-u-05bf9974129665\"]{padding:12px ! important;}[data-css=\"tve-u-45bf997412973f\"]{width:80px;}[data-css=\"tve-u-105bf9974129882\"]{margin-top:20px ! important;padding:12px ! important;}[data-css=\"tve-u-75bf99741297e0\"]{margin-bottom:10px ! important;}:not(#tve) [data-css=\"tve-u-85bf9974129816\"]{font-size:27px ! important;}[data-css=\"tve-u-65bf99741297ab\"]{text-align:center;}}<\/style><style type=\"text\/css\" class=\"tve_user_custom_style\">.tve-leads-conversion-object .thrv_heading h1,.tve-leads-conversion-object .thrv_heading h2,.tve-leads-conversion-object .thrv_heading h3{margin:0;padding:0}.tve-leads-conversion-object .thrv_text_element p,.tve-leads-conversion-object .thrv_text_element h1,.tve-leads-conversion-object .thrv_text_element h2,.tve-leads-conversion-object .thrv_text_element h3{margin:0}<\/style><div class=\"tve-leads-conversion-object\" data-tl-type=\"shortcode_773\"><div class=\"tve_flt\"><div id=\"tve_editor\" class=\"tve_shortcode_editor\"><div class=\"thrv-leads-form-box tve_no_drag tve_no_icons thrv_wrapper tve_editor_main_content thrv-leads-in-content tve_empty_dropzone\" style=\"\" data-css=\"tve-u-05bf9974129665\"><div class=\"thrv_wrapper thrv-columns\" style=\"\" data-css=\"tve-u-15bf997412969e\"><div class=\"tcb-flex-row tcb--cols--2 tcb-resized\" data-css=\"tve-u-25bf99741296d4\"><div class=\"tcb-flex-col\" data-css=\"tve-u-35bf9974129709\" style=\"\"><div class=\"tcb-col tve_empty_dropzone\"><div class=\"thrv_wrapper tve_image_caption\" data-css=\"tve-u-45bf997412973f\" style=\"\"><span class=\"tve_image_frame\" style=\"width: 100%;\"><img class=\"tve_image wp-image-2420\" alt=\"\" title=\"set_20_icon\" data-id=\"2420\" src=\"\/\/hausstaubmilben.org\/wp-content\/uploads\/tve_leads_templates\/in_content\/tcb2_set-020\/images\/set_20_icon.png\" style=\"width: 100%;\" width=\"162\" height=\"162\"><\/span><\/div><\/div><\/div><div class=\"tcb-flex-col\" data-css=\"tve-u-55bf9974129775\" style=\"\"><div class=\"tcb-col tve_empty_dropzone\" style=\"\" data-css=\"tve-u-65bf99741297ab\"><div class=\"thrv_wrapper thrv_text_element tve_empty_dropzone\" style=\"\" data-css=\"tve-u-75bf99741297e0\"><p data-css=\"tve-u-85bf9974129816\" data-default=\"Enter your text here...\" style=\"text-align: left;\">\u200bBist du dabei?<\/p><\/div><div class=\"thrv_wrapper thrv_text_element\" style=\"\"><p data-css=\"tve-u-95bf997412984c\" data-default=\"Enter your text here...\">\u200bV\u00f6llig risikofrei und kostenlos. Jetzt am Coaching teilnehmen und gleich zur Begr\u00fc\u00dfung ein eBook erhalten.<\/p><\/div><\/div><\/div><\/div><\/div><div class=\"thrv_wrapper thrv_contentbox_shortcode thrv-content-box\" style=\"\" data-css=\"tve-u-105bf9974129882\"><div class=\"tve-content-box-background\" data-css=\"tve-u-115bf99741298b8\"><\/div><div class=\"tve-cb tve_empty_dropzone\" data-css=\"tve-u-125bf99741298ee\"><div class=\"thrv_wrapper thrv_lead_generation\" data-connection=\"api\" style=\"\" data-css=\"tve-u-135bf9974129923\"><input class=\"tve-lg-err-msg\" value=\"{&quot;email&quot;:&quot;Email address invalid&quot;,&quot;phone&quot;:&quot;Phone number invalid&quot;,&quot;password&quot;:&quot;Password invalid&quot;,&quot;passwordmismatch&quot;:&quot;Password mismatch error&quot;,&quot;required&quot;:&quot;Required field missing&quot;}\" type=\"hidden\"><div class=\"thrv_lead_generation_container tve_clearfix\"><form action=\"#\" method=\"post\" novalidate=\"novalidate\"><div class=\"tve_lead_generated_inputs_container tve_clearfix\"><div class=\"tve_lg_input_container tve_lg_input\"><input data-field=\"email\" data-required=\"1\" data-validation=\"email\" name=\"email\" placeholder=\"Trage hier deine E-Mail Adresse ein.....\" data-placeholder=\"Trage hier deine E-Mail Adresse ein.....\" class=\"\" style=\"\" type=\"email\"><\/div><div class=\"tve_lg_input_container tve_clearfix tve_lg_checkbox tcb-lg-consent\"><div class=\"tve_lg_checkbox_wrapper\"><input name=\"user_consent\" value=\"1\" id=\"tcb-consent-tve-u-167465801c3\" data-required=\"1\" type=\"checkbox\"><label for=\"tcb-consent-tve-u-167465801c3\"><span class=\"thrv-inline-text\" data-css=\"tve-u-145bf9974129959\">\u200b<span data-css=\"tve-u-155bf997412998f\" style=\"color: rgb(231, 231, 231);\"><span data-css=\"tve-u-165bf99741299c5\"><span data-css=\"tve-u-175bf99741299fb\">\u200bHiermit stimme ich zu, dass Milben-Profi mir E-Mails zum Thema Milben und Hausstauballergie sendet. \u200bDie E-Mail-Adresse wird zu diesem Zweck elektr. gespeichert und verarbeitet. Hierzu wird \u200bdie Firma Klick-Tipp Ltd mit der elektr. Auftragsverarbeitung betraut. Ich kann die Einwilligung \u200bstets per <\/span><\/span><\/span><span data-css=\"tve-u-185bf9974129a31\" style=\"color: rgb(207, 120, 120);\"><span data-css=\"tve-u-165bf99741299c5\"><span data-css=\"tve-u-175bf99741299fb\"><span data-css=\"tve-u-195bf9974129a68\"><a href=\"http:\/\/mail:kai@hausstaubmilben.org\" target=\"_blank\">E-Mail<\/a><\/span><\/span><\/span><span data-css=\"tve-u-165bf99741299c5\"><span data-css=\"tve-u-175bf99741299fb\"><span data-css=\"tve-u-195bf9974129a68\"><span data-css=\"tve-u-205bf9974129a9f\">\u200b<\/span><\/span><\/span><\/span><\/span><span data-css=\"tve-u-215bf9974129ad4\" style=\"color: rgb(231, 231, 231);\"><span data-css=\"tve-u-165bf99741299c5\"><span data-css=\"tve-u-175bf99741299fb\"><span data-css=\"tve-u-195bf9974129a68\"><span data-css=\"tve-u-205bf9974129a9f\">, per Post und durch Nutzung des Abmeldelinks in jeder E-Mail \u200bwiderrufen. \u200bWeitere<\/span><\/span><\/span><\/span><\/span><span data-css=\"tve-u-225bf9974129b0b\" style=\"color: rgb(207, 120, 120);\"><span data-css=\"tve-u-165bf99741299c5\"><span data-css=\"tve-u-175bf99741299fb\"><span data-css=\"tve-u-195bf9974129a68\"><span data-css=\"tve-u-205bf9974129a9f\"> <a data-css=\"tve-u-235bf9974129b43\" href=\"https:\/\/hausstaubmilben.org\/datenschutzerklaerung\/\" target=\"_blank\">Informationen zum Datenschutz.<\/a><\/span><\/span><\/span><\/span><\/span><\/span><\/label><\/div><input name=\"consent_config\" class=\"consent-config\" value=\"YTozOntzOjc6ImVuYWJsZWQiO2I6MTtzOjg6InJlcXVpcmVkIjtiOjE7czoxMToiYWx3YXlzX3NlbmQiO2E6MDp7fX0=\" type=\"hidden\"><\/div><div class=\"tve_lg_input_container tve_submit_container tve_lg_submit\" data-css=\"tve-u-245bf9974129b78\" data-tcb_hover_state_parent=\"\"><button type=\"submit\" class=\"\" style=\"\">Jetzt abschicken!<br><\/button><\/div><\/div><input id=\"_submit_option\" name=\"_submit_option\" value=\"redirect\" type=\"hidden\"><input id=\"_back_url\" name=\"_back_url\" value=\"https:\/\/hausstaubmilben.org\/tripwire\/\" type=\"hidden\"><input id=\"_autofill\" name=\"_autofill\" value=\"\" type=\"hidden\"><input name=\"__tcb_lg_fc\" id=\"__tcb_lg_fc\" value=\"YToxOntzOjk6ImtsaWNrdGlwcCI7czo2OiIxNTI4NzIiO30=\" type=\"hidden\"><input id=\"klicktipp_tag\" class=\"tve-api-extra\" name=\"klicktipp_tag\" value=\"4160648\" type=\"hidden\"><\/form><\/div><\/div><\/div><\/div><\/div><\/div><\/div><\/div><\/div><\/div>\n<p><span style=\"color: #999999; font-size: 17px;\">\u00a9 2018 Hausstaubmilben.org. All rights Reserved<\/span><\/p>\n<p data-css=\"tve-u-16744f294be\">\u200b<a href=\"https:\/\/hausstaubmilben.org\/datenschutzerklaerung\/\" target=\"_blank\" rel=\"noopener noreferrer\">Datenschutzerkl\u00e4rung<\/a><\/p>\n<p data-css=\"tve-u-16744f359f5\">\u200b\u200b<a href=\"https:\/\/hausstaubmilben.org\/impressum\/\" target=\"_blank\" rel=\"noopener noreferrer\">Impressum<\/a>\u200b\u200b\u200b<\/p>\n","protected":false},"excerpt":{"rendered":"<p>\u200bFighting the house dust allergy&#8230; the free coaching Jetzt in unserem kostenlosen E-Mail-Coaching\u200b lernen, wie du die Hausstauballergie los wirst. \u200b Free of charge and without risk. You can unsubscribe at any time. Scroll down to learn more about coaching! arrow-down Enter your text here&#8230; Why this coaching is so effective. 1\u200bBEGR\u00dcSSUNGSGESCHENK: E-BOOK \u200b&#8221;HAUSSTAUBALLERGIE &#8211; [&hellip;]<\/p>\n","protected":false},"author":94179,"featured_media":0,"parent":0,"menu_order":0,"comment_status":"closed","ping_status":"closed","template":"","meta":[],"yoast_head":"<!-- This site is optimized with the Yoast SEO plugin v19.6.1 - https:\/\/yoast.com\/wordpress\/plugins\/seo\/ -->\n<title>E-Mail-Coaching - Hausstaubmilben.org<\/title>\n<meta name=\"robots\" content=\"index, follow, max-snippet:-1, max-image-preview:large, max-video-preview:-1\" \/>\n<link rel=\"canonical\" href=\"https:\/\/hausstaubmilben.org\/en\/e-mail-coaching\/\" \/>\n<meta property=\"og:locale\" content=\"en_US\" \/>\n<meta property=\"og:type\" content=\"article\" \/>\n<meta property=\"og:title\" content=\"E-Mail-Coaching - Hausstaubmilben.org\" \/>\n<meta property=\"og:description\" content=\"\u200bFighting the house dust allergy&#8230; the free coaching Jetzt in unserem kostenlosen E-Mail-Coaching\u200b lernen, wie du die Hausstauballergie los wirst. \u200b Free of charge and without risk. You can unsubscribe at any time. Scroll down to learn more about coaching! arrow-down Enter your text here&#8230; Why this coaching is so effective. 1\u200bBEGR\u00dcSSUNGSGESCHENK: E-BOOK \u200b&#8221;HAUSSTAUBALLERGIE &#8211; [&hellip;]\" \/>\n<meta property=\"og:url\" content=\"https:\/\/hausstaubmilben.org\/en\/e-mail-coaching\/\" \/>\n<meta property=\"og:site_name\" content=\"Hausstaubmilben.org\" \/>\n<meta name=\"twitter:label1\" content=\"Est. reading time\" \/>\n\t<meta name=\"twitter:data1\" content=\"1 minute\" \/>\n<script type=\"application\/ld+json\" class=\"yoast-schema-graph\">{\"@context\":\"https:\/\/schema.org\",\"@graph\":[{\"@type\":\"WebPage\",\"@id\":\"https:\/\/hausstaubmilben.org\/en\/e-mail-coaching\/\",\"url\":\"https:\/\/hausstaubmilben.org\/en\/e-mail-coaching\/\",\"name\":\"E-Mail-Coaching - Hausstaubmilben.org\",\"isPartOf\":{\"@id\":\"https:\/\/hausstaubmilben.org\/#website\"},\"datePublished\":\"2020-08-18T15:03:50+00:00\",\"dateModified\":\"2020-08-18T15:03:50+00:00\",\"breadcrumb\":{\"@id\":\"https:\/\/hausstaubmilben.org\/en\/e-mail-coaching\/#breadcrumb\"},\"inLanguage\":\"en-US\",\"potentialAction\":[{\"@type\":\"ReadAction\",\"target\":[\"https:\/\/hausstaubmilben.org\/en\/e-mail-coaching\/\"]}]},{\"@type\":\"BreadcrumbList\",\"@id\":\"https:\/\/hausstaubmilben.org\/en\/e-mail-coaching\/#breadcrumb\",\"itemListElement\":[{\"@type\":\"ListItem\",\"position\":1,\"name\":\"Startseite\",\"item\":\"https:\/\/hausstaubmilben.org\/en\/\"},{\"@type\":\"ListItem\",\"position\":2,\"name\":\"E-Mail-Coaching\"}]},{\"@type\":\"WebSite\",\"@id\":\"https:\/\/hausstaubmilben.org\/#website\",\"url\":\"https:\/\/hausstaubmilben.org\/\",\"name\":\"Hausstaubmilben.org\",\"description\":\"\",\"potentialAction\":[{\"@type\":\"SearchAction\",\"target\":{\"@type\":\"EntryPoint\",\"urlTemplate\":\"https:\/\/hausstaubmilben.org\/?s={search_term_string}\"},\"query-input\":\"required name=search_term_string\"}],\"inLanguage\":\"en-US\"}]}<\/script>\n<!-- \/ Yoast SEO plugin. -->","yoast_head_json":{"title":"E-Mail-Coaching - Hausstaubmilben.org","robots":{"index":"index","follow":"follow","max-snippet":"max-snippet:-1","max-image-preview":"max-image-preview:large","max-video-preview":"max-video-preview:-1"},"canonical":"https:\/\/hausstaubmilben.org\/en\/e-mail-coaching\/","og_locale":"en_US","og_type":"article","og_title":"E-Mail-Coaching - Hausstaubmilben.org","og_description":"\u200bFighting the house dust allergy&#8230; the free coaching Jetzt in unserem kostenlosen E-Mail-Coaching\u200b lernen, wie du die Hausstauballergie los wirst. \u200b Free of charge and without risk. You can unsubscribe at any time. Scroll down to learn more about coaching! arrow-down Enter your text here&#8230; Why this coaching is so effective. 1\u200bBEGR\u00dcSSUNGSGESCHENK: E-BOOK \u200b&#8221;HAUSSTAUBALLERGIE &#8211; [&hellip;]","og_url":"https:\/\/hausstaubmilben.org\/en\/e-mail-coaching\/","og_site_name":"Hausstaubmilben.org","twitter_misc":{"Est. reading time":"1 minute"},"schema":{"@context":"https:\/\/schema.org","@graph":[{"@type":"WebPage","@id":"https:\/\/hausstaubmilben.org\/en\/e-mail-coaching\/","url":"https:\/\/hausstaubmilben.org\/en\/e-mail-coaching\/","name":"E-Mail-Coaching - Hausstaubmilben.org","isPartOf":{"@id":"https:\/\/hausstaubmilben.org\/#website"},"datePublished":"2020-08-18T15:03:50+00:00","dateModified":"2020-08-18T15:03:50+00:00","breadcrumb":{"@id":"https:\/\/hausstaubmilben.org\/en\/e-mail-coaching\/#breadcrumb"},"inLanguage":"en-US","potentialAction":[{"@type":"ReadAction","target":["https:\/\/hausstaubmilben.org\/en\/e-mail-coaching\/"]}]},{"@type":"BreadcrumbList","@id":"https:\/\/hausstaubmilben.org\/en\/e-mail-coaching\/#breadcrumb","itemListElement":[{"@type":"ListItem","position":1,"name":"Startseite","item":"https:\/\/hausstaubmilben.org\/en\/"},{"@type":"ListItem","position":2,"name":"E-Mail-Coaching"}]},{"@type":"WebSite","@id":"https:\/\/hausstaubmilben.org\/#website","url":"https:\/\/hausstaubmilben.org\/","name":"Hausstaubmilben.org","description":"","potentialAction":[{"@type":"SearchAction","target":{"@type":"EntryPoint","urlTemplate":"https:\/\/hausstaubmilben.org\/?s={search_term_string}"},"query-input":"required name=search_term_string"}],"inLanguage":"en-US"}]}},"_links":{"self":[{"href":"https:\/\/hausstaubmilben.org\/en\/wp-json\/wp\/v2\/pages\/1220"}],"collection":[{"href":"https:\/\/hausstaubmilben.org\/en\/wp-json\/wp\/v2\/pages"}],"about":[{"href":"https:\/\/hausstaubmilben.org\/en\/wp-json\/wp\/v2\/types\/page"}],"author":[{"embeddable":true,"href":"https:\/\/hausstaubmilben.org\/en\/wp-json\/wp\/v2\/users\/94179"}],"replies":[{"embeddable":true,"href":"https:\/\/hausstaubmilben.org\/en\/wp-json\/wp\/v2\/comments?post=1220"}],"version-history":[{"count":2,"href":"https:\/\/hausstaubmilben.org\/en\/wp-json\/wp\/v2\/pages\/1220\/revisions"}],"predecessor-version":[{"id":1256,"href":"https:\/\/hausstaubmilben.org\/en\/wp-json\/wp\/v2\/pages\/1220\/revisions\/1256"}],"wp:attachment":[{"href":"https:\/\/hausstaubmilben.org\/en\/wp-json\/wp\/v2\/media?parent=1220"}],"curies":[{"name":"wp","href":"https:\/\/api.w.org\/{rel}","templated":true}]}}